{"id":2417,"date":"2020-06-19T15:43:51","date_gmt":"2020-06-19T15:43:51","guid":{"rendered":"https:\/\/creative-homefashion.com\/agb\/"},"modified":"2020-11-19T16:37:10","modified_gmt":"2020-11-19T16:37:10","slug":"imprint","status":"publish","type":"page","link":"https:\/\/creative-homefashion.com\/en\/imprint\/","title":{"rendered":"Imprint"},"content":{"rendered":"<p>[et_pb_section fb_built=&#8221;1&#8243; _builder_version=&#8221;4.6.5&#8243; _module_preset=&#8221;default&#8221;][et_pb_row _builder_version=&#8221;4.6.5&#8243; _module_preset=&#8221;default&#8221;][et_pb_column type=&#8221;4_4&#8243; _builder_version=&#8221;4.6.5&#8243; _module_preset=&#8221;default&#8221;][et_pb_divider show_divider=&#8221;off&#8221; _builder_version=&#8221;4.6.5&#8243; _module_preset=&#8221;default&#8221; min_height=&#8221;50px&#8221;][\/et_pb_divider][et_pb_text _builder_version=&#8221;4.7.0&#8243; _module_preset=&#8221;default&#8221; text_font=&#8221;Montserrat||||||||&#8221; text_text_color=&#8221;#888888&#8243; header_font=&#8221;Montserrat||||||||&#8221; header_font_size=&#8221;45px&#8221; header_2_font=&#8221;Montserrat||||||||&#8221; header_2_font_size=&#8221;40px&#8221; header_3_font=&#8221;Montserrat||||||||&#8221; header_3_font_size=&#8221;35px&#8221; header_4_font=&#8221;Montserrat||||||||&#8221; header_4_font_size=&#8221;28px&#8221; header_5_font=&#8221;Montserrat||||||||&#8221; header_5_font_size=&#8221;25px&#8221;]<\/p>\n<h1>Imprint<\/h1>\n<p><span style=\"color: #000000;\"><strong>CREATIVE HOMEFASHION<\/strong><\/span><br \/><span style=\"color: #000000;\"><strong>PRODUCTION&amp;TRADE GMBH<\/strong><\/span><br \/>Schweizerstr. 35<br \/>6844 Altach<br \/>\u00d6sterreich<br \/><a href=\"mailto:office@creative-homefashion.com\" target=\"_blank\" rel=\"noopener noreferrer\">office@creative-homefashion.com<\/a><br \/>T +43 5576 799 -63<\/p>\n<p><strong>Management:<\/strong> Resch Birgit und Amann Bettina<br \/><strong>VAT number::<\/strong>\u00a0 ATU54142501<br \/><strong>Commercial register number:<\/strong>\u00a0 222665z<br \/><strong>Commercial register court:<\/strong> Landesgericht Feldkirch<\/p>\n<p><strong><span style=\"color: #000000;\">Design and implementation<\/span><br \/><\/strong>Extra Marketing Service GmbH<strong><br \/><\/strong>Moosmahdstra\u00dfe 19b<br \/>6850 Dornbirn<br \/><a title=\"Extra Marketing Service GmbH\" href=\"https:\/\/www.extramarketing.eu\/\" target=\"_blank\" rel=\"noopener noreferrer\">www.extramarketing.eu<\/a><\/p>\n<p><span style=\"color: #000000;\"><strong>Photo<\/strong><\/span><br \/>CREATIVE HOMEFASHION PRODUKTIONS &amp; TRADE GMBH<br \/>Eva Rauch<\/p>\n<p>[\/et_pb_text][\/et_pb_column][\/et_pb_row][\/et_pb_section]<\/p>\n","protected":false},"excerpt":{"rendered":"<p>Imprint CREATIVE HOMEFASHIONPRODUCTION&amp;TRADE GMBHSchweizerstr. 356844 Altach\u00d6sterreichoffice@creative-homefashion.comT +43 5576 799 -63 Management: Resch Birgit und Amann BettinaVAT number::\u00a0 ATU54142501Commercial register number:\u00a0 222665zCommercial register court: Landesgericht Feldkirch Design and implementationExtra Marketing Service GmbHMoosmahdstra\u00dfe 19b6850 Dornbirnwww.extramarketing.eu PhotoCREATIVE HOMEFASHION PRODUKTIONS &amp; TRADE GMBHEva Rauch<\/p>\n","protected":false},"author":1,"featured_media":0,"parent":0,"menu_order":0,"comment_status":"closed","ping_status":"closed","template":"","meta":{"_et_pb_use_builder":"on","_et_pb_old_content":"","_et_gb_content_width":"","_coblocks_attr":"","_coblocks_dimensions":"","_coblocks_responsive_height":"","_coblocks_accordion_ie_support":"","footnotes":""},"class_list":["post-2417","page","type-page","status-publish","hentry"],"yoast_head":"<!-- This site is optimized with the Yoast SEO plugin v27.4 - https:\/\/yoast.com\/product\/yoast-seo-wordpress\/ -->\n<title>Imprint - Creative Homefashion in Altach<\/title>\n<meta name=\"robots\" content=\"index, follow, max-snippet:-1, max-image-preview:large, max-video-preview:-1\" \/>\n<link rel=\"canonical\" href=\"https:\/\/creative-homefashion.com\/en\/imprint\/\" \/>\n<meta property=\"og:locale\" content=\"en_US\" \/>\n<meta property=\"og:type\" content=\"article\" \/>\n<meta property=\"og:title\" content=\"Imprint - Creative Homefashion in Altach\" \/>\n<meta property=\"og:description\" content=\"Imprint CREATIVE HOMEFASHIONPRODUCTION&amp;TRADE GMBHSchweizerstr. 356844 Altach\u00d6sterreichoffice@creative-homefashion.comT +43 5576 799 -63 Management: Resch Birgit und Amann BettinaVAT number::\u00a0 ATU54142501Commercial register number:\u00a0 222665zCommercial register court: Landesgericht Feldkirch Design and implementationExtra Marketing Service GmbHMoosmahdstra\u00dfe 19b6850 Dornbirnwww.extramarketing.eu PhotoCREATIVE HOMEFASHION PRODUKTIONS &amp; TRADE GMBHEva Rauch\" \/>\n<meta property=\"og:url\" content=\"https:\/\/creative-homefashion.com\/en\/imprint\/\" \/>\n<meta property=\"og:site_name\" content=\"Creative Homefashion in Altach\" \/>\n<meta property=\"article:modified_time\" content=\"2020-11-19T16:37:10+00:00\" \/>\n<meta name=\"twitter:card\" content=\"summary_large_image\" \/>\n<meta name=\"twitter:label1\" content=\"Est. reading time\" \/>\n\t<meta name=\"twitter:data1\" content=\"1 minute\" \/>\n<script type=\"application\/ld+json\" class=\"yoast-schema-graph\">{\"@context\":\"https:\\\/\\\/schema.org\",\"@graph\":[{\"@type\":\"WebPage\",\"@id\":\"https:\\\/\\\/creative-homefashion.com\\\/en\\\/imprint\\\/\",\"url\":\"https:\\\/\\\/creative-homefashion.com\\\/en\\\/imprint\\\/\",\"name\":\"Imprint - Creative Homefashion in Altach\",\"isPartOf\":{\"@id\":\"https:\\\/\\\/creative-homefashion.com\\\/en\\\/#website\"},\"datePublished\":\"2020-06-19T15:43:51+00:00\",\"dateModified\":\"2020-11-19T16:37:10+00:00\",\"breadcrumb\":{\"@id\":\"https:\\\/\\\/creative-homefashion.com\\\/en\\\/imprint\\\/#breadcrumb\"},\"inLanguage\":\"en-US\",\"potentialAction\":[{\"@type\":\"ReadAction\",\"target\":[\"https:\\\/\\\/creative-homefashion.com\\\/en\\\/imprint\\\/\"]}]},{\"@type\":\"BreadcrumbList\",\"@id\":\"https:\\\/\\\/creative-homefashion.com\\\/en\\\/imprint\\\/#breadcrumb\",\"itemListElement\":[{\"@type\":\"ListItem\",\"position\":1,\"name\":\"Home\",\"item\":\"https:\\\/\\\/creative-homefashion.com\\\/en\\\/\"},{\"@type\":\"ListItem\",\"position\":2,\"name\":\"Imprint\"}]},{\"@type\":\"WebSite\",\"@id\":\"https:\\\/\\\/creative-homefashion.com\\\/en\\\/#website\",\"url\":\"https:\\\/\\\/creative-homefashion.com\\\/en\\\/\",\"name\":\"Creative Homefashion in Altach\",\"description\":\"Creative Homefashion steht f\u00fcr Heimtextilien in h\u00f6chter Qualit\u00e4t und vielf\u00e4ltigen Designs.\",\"potentialAction\":[{\"@type\":\"SearchAction\",\"target\":{\"@type\":\"EntryPoint\",\"urlTemplate\":\"https:\\\/\\\/creative-homefashion.com\\\/en\\\/?s={search_term_string}\"},\"query-input\":{\"@type\":\"PropertyValueSpecification\",\"valueRequired\":true,\"valueName\":\"search_term_string\"}}],\"inLanguage\":\"en-US\"}]}<\/script>\n<!-- \/ Yoast SEO plugin. -->","yoast_head_json":{"title":"Imprint - Creative Homefashion in Altach","robots":{"index":"index","follow":"follow","max-snippet":"max-snippet:-1","max-image-preview":"max-image-preview:large","max-video-preview":"max-video-preview:-1"},"canonical":"https:\/\/creative-homefashion.com\/en\/imprint\/","og_locale":"en_US","og_type":"article","og_title":"Imprint - Creative Homefashion in Altach","og_description":"Imprint CREATIVE HOMEFASHIONPRODUCTION&amp;TRADE GMBHSchweizerstr. 356844 Altach\u00d6sterreichoffice@creative-homefashion.comT +43 5576 799 -63 Management: Resch Birgit und Amann BettinaVAT number::\u00a0 ATU54142501Commercial register number:\u00a0 222665zCommercial register court: Landesgericht Feldkirch Design and implementationExtra Marketing Service GmbHMoosmahdstra\u00dfe 19b6850 Dornbirnwww.extramarketing.eu PhotoCREATIVE HOMEFASHION PRODUKTIONS &amp; TRADE GMBHEva Rauch","og_url":"https:\/\/creative-homefashion.com\/en\/imprint\/","og_site_name":"Creative Homefashion in Altach","article_modified_time":"2020-11-19T16:37:10+00:00","twitter_card":"summary_large_image","twitter_misc":{"Est. reading time":"1 minute"},"schema":{"@context":"https:\/\/schema.org","@graph":[{"@type":"WebPage","@id":"https:\/\/creative-homefashion.com\/en\/imprint\/","url":"https:\/\/creative-homefashion.com\/en\/imprint\/","name":"Imprint - Creative Homefashion in Altach","isPartOf":{"@id":"https:\/\/creative-homefashion.com\/en\/#website"},"datePublished":"2020-06-19T15:43:51+00:00","dateModified":"2020-11-19T16:37:10+00:00","breadcrumb":{"@id":"https:\/\/creative-homefashion.com\/en\/imprint\/#breadcrumb"},"inLanguage":"en-US","potentialAction":[{"@type":"ReadAction","target":["https:\/\/creative-homefashion.com\/en\/imprint\/"]}]},{"@type":"BreadcrumbList","@id":"https:\/\/creative-homefashion.com\/en\/imprint\/#breadcrumb","itemListElement":[{"@type":"ListItem","position":1,"name":"Home","item":"https:\/\/creative-homefashion.com\/en\/"},{"@type":"ListItem","position":2,"name":"Imprint"}]},{"@type":"WebSite","@id":"https:\/\/creative-homefashion.com\/en\/#website","url":"https:\/\/creative-homefashion.com\/en\/","name":"Creative Homefashion in Altach","description":"Creative Homefashion steht f\u00fcr Heimtextilien in h\u00f6chter Qualit\u00e4t und vielf\u00e4ltigen Designs.","potentialAction":[{"@type":"SearchAction","target":{"@type":"EntryPoint","urlTemplate":"https:\/\/creative-homefashion.com\/en\/?s={search_term_string}"},"query-input":{"@type":"PropertyValueSpecification","valueRequired":true,"valueName":"search_term_string"}}],"inLanguage":"en-US"}]}},"jetpack_sharing_enabled":true,"_links":{"self":[{"href":"https:\/\/creative-homefashion.com\/en\/wp-json\/wp\/v2\/pages\/2417","targetHints":{"allow":["GET"]}}],"collection":[{"href":"https:\/\/creative-homefashion.com\/en\/wp-json\/wp\/v2\/pages"}],"about":[{"href":"https:\/\/creative-homefashion.com\/en\/wp-json\/wp\/v2\/types\/page"}],"author":[{"embeddable":true,"href":"https:\/\/creative-homefashion.com\/en\/wp-json\/wp\/v2\/users\/1"}],"replies":[{"embeddable":true,"href":"https:\/\/creative-homefashion.com\/en\/wp-json\/wp\/v2\/comments?post=2417"}],"version-history":[{"count":0,"href":"https:\/\/creative-homefashion.com\/en\/wp-json\/wp\/v2\/pages\/2417\/revisions"}],"wp:attachment":[{"href":"https:\/\/creative-homefashion.com\/en\/wp-json\/wp\/v2\/media?parent=2417"}],"curies":[{"name":"wp","href":"https:\/\/api.w.org\/{rel}","templated":true}]}}